{"id":3,"date":"2022-04-01T13:44:13","date_gmt":"2022-04-01T10:44:13","guid":{"rendered":"http:\/\/iremnet.com.tr\/?page_id=3"},"modified":"2024-12-06T16:04:32","modified_gmt":"2024-12-06T13:04:32","slug":"gizlilik-ve-guvenlik","status":"publish","type":"page","link":"https:\/\/iremnet.com.tr\/index.php\/gizlilik-ve-guvenlik\/","title":{"rendered":"Gizlilik ve G\u00fcvenlik"},"content":{"rendered":"\r\n<h2 class=\"wp-block-heading\">Gizlilik ve G\u00fcvenlik<\/h2>\r\n\r\n\r\n\r\n<p>www.iremnet.com.tr web sitesi \u0130remnet Telekom\u00fcnikasyon Teknoloji Sanayi ve Ticaret Limited \u015eirketi&#8217;ne aittir ve bu adresi ziyaret eden siz m\u00fc\u015fterilerimizin bilgi g\u00fcvenli\u011fi bizim i\u00e7in b\u00fcy\u00fck \u00f6nem ta\u015f\u0131maktad\u0131r. Bu metin bilgi g\u00fcvenli\u011fi ile ilgili sizi bilgilendirmek \u00fczere haz\u0131rlam\u0131\u015ft\u0131r.<\/p>\r\n<p>Web sitemizi ki\u015fisel bilgilerinizi payla\u015fmadan diledi\u011finiz s\u0131kl\u0131kta ziyaret edebilir, yeni \u00fcr\u00fcn ve servislerimiz hakk\u0131nda bilgi alabilirsiniz. Web sitemizi ziyaretiniz s\u0131ras\u0131nda ki\u015fisel bilgileriniz taraf\u0131m\u0131zdan, sadece sizin bilginiz kapsam\u0131nda temin edilmektedir. Sizin bilginiz ile bizim taraf\u0131m\u0131zdan kay\u0131t alt\u0131na al\u0131nan ki\u015fisel bilgileriniz \u0130remnet taraf\u0131ndan korunmaktad\u0131r. Ki\u015fisel bilgileriniz \u0130remnet ve grup \u015firketleri taraf\u0131ndan hizmet, \u00fcyelik, tan\u0131t\u0131m ve m\u00fc\u015fteri hizmetleri gibi ama\u00e7larla toplanabilecek, kaydedilebilecek, i\u015flenebilecek, grup \u015firketleri ve grup \u015firketlerinin yetkilendirece\u011fi \u00fc\u00e7\u00fcnc\u00fc ki\u015filer ile payla\u015f\u0131labilecektir.<\/p>\r\n<p>Ad\u0131n\u0131z, posta adresiniz, do\u011fum tarihiniz, cinsiyetiniz, telefon ve faks numaran\u0131z, elektronik posta adresiniz vs. sizin taraf\u0131n\u0131zdan web sitemize verildi\u011finde kaydedilir. Bilgi g\u00fcvenli\u011finizi sa\u011flamak amac\u0131 ile sizlerin de \u015fifrelerinizi kimse ile payla\u015fmaman\u0131z\u0131n gereklili\u011fini hat\u0131rlatmak isteriz.<\/p>\r\n<p>Web sitemizde \u0130remnet taraf\u0131ndan i\u015fletilmeyen di\u011fer web sitelerine ba\u011flant\u0131lar verebiliriz. Bu web sitelerinden herhangi birini ziyaret ederseniz o sitenin gizlilik ve di\u011fer politikalar\u0131 ge\u00e7erli olacakt\u0131r. Di\u011fer \u015firketlerin politika ve uygulamalar\u0131ndan sorumlu olmad\u0131\u011f\u0131m\u0131z\u0131 belirtiriz.<\/p>\r\n\r\n\r\n\r\n<h2 class=\"wp-block-heading\">Gizlilik Politikas\u0131<\/h2>\r\n\r\n\r\n\r\n<h4>\u0130remnet Gizlilik Politikas\u0131<\/h4>\r\n<p>\u0130remnet Telekom\u00fcnikasyon Teknoloji Sanayi ve Ticaret Limited \u015eirketi (bundan b\u00f6yle \u0130remnet olarak an\u0131lacakt\u0131r), bilgi ve ileti\u015fim sa\u011flay\u0131c\u0131lar\u0131n\u0131n uymas\u0131 gereken yasalar uyar\u0131nca kullan\u0131c\u0131 bilgilerinin gizlili\u011fini korumay\u0131 ilke olarak benimsemi\u015f olup; gizlili\u011finize ve ki\u015fisel verilerinizin, trafik verilerinizin ve ileti\u015fim i\u00e7eri\u011finizin gizlili\u011fine sayg\u0131 g\u00f6stermektedir. \u0130\u015fbu Gizlilik \u0130lkeleri, \u0130remnet&#8217;in servis ve hizmetlerini kullan\u0131rken sa\u011flad\u0131\u011f\u0131n\u0131z bilgilerin, \u0130remnet taraf\u0131ndan nas\u0131l kullan\u0131ld\u0131\u011f\u0131n\u0131 ve korundu\u011funu anlaman\u0131za \u0131\u015f\u0131k tutacak \u015fekilde haz\u0131rlanm\u0131\u015ft\u0131r.<\/p>\r\n<p>\u0130remnet web sitesi \u00fczerinde (i\u015fbu gizlilik politikas\u0131 dahilinde bundan b\u00f6yle &#8220;Site&#8221; olarak an\u0131lacakt\u0131r) ki\u015fisel verilerinizi sunman\u0131z, i\u015fbu Gizlilik Politikas\u0131 i\u00e7inde genel hatlar\u0131 verilen ko\u015ful ve \u015fartlar uyar\u0131nca, ki\u015fisel verilerin toplanma, kullan\u0131m ve aktar\u0131m\u0131n\u0131 tam olarak anlam\u0131\u015f ve onay vermi\u015f oldu\u011funuz anlam\u0131na gelmektedir. \u0130\u015fbu Gizlilik Politikas\u0131n\u0131 kabul etmiyorsan\u0131z, ki\u015fisel verilerinizi Site \u00fczerinden payla\u015fmamay\u0131 veya iletmemeyi tercih ediniz.<\/p>\r\n<h4>1. Ki\u015fisel Verilerin Toplanmas\u0131<\/h4>\r\n<p>Ki\u015fisel bilgileriniz \u0130remnet ve grup \u015firketleri taraf\u0131ndan hizmet, \u00fcyelik, tan\u0131t\u0131m ve m\u00fc\u015fteri hizmetleri gibi ama\u00e7larla toplanabilecektir. Site&#8217;nin her bir ziyaret\u00e7isi i\u00e7in, \u0130remnet web sunucular\u0131, ziyaret\u00e7inin IP adresi ve etki alan\u0131 gibi ola\u011fan ko\u015fullarda ki\u015fisel veri say\u0131lmayan bilgileri kendili\u011finden tan\u0131r ve depolar. Siteyi ziyaret etti\u011finizde belirli kullan\u0131c\u0131 bilgilerini bilgisayar\u0131n\u0131za depolayan, deneyiminizi ilgi alanlar\u0131n\u0131z ve tercihinizde daha iyi uyacak \u015fekilde \u00f6zelle\u015ftirilmesi ya da servis ve hizmetleri kullanmak i\u00e7in oturum a\u00e7man\u0131z\u0131 kolayla\u015ft\u0131rmay\u0131 sa\u011flayan &#8220;tan\u0131mlama bilgileri&#8221; kullan\u0131labilecektir. Ancak, tan\u0131mlama bilgilerini engeller veya silerseniz, \u00f6nceden belirledi\u011finiz tercih veya \u00f6zelle\u015ftirme ayarlar\u0131 geri y\u00fcklenemeyecek olup, \u00e7evrimi\u00e7i kullan\u0131m\u0131n\u0131z\u0131n ki\u015fiselle\u015ftirilmesi engellenmi\u015f olacakt\u0131r.<\/p>\r\n<p>Web Sitesinin taraf\u0131n\u0131zdan nas\u0131l kullan\u0131ld\u0131\u011f\u0131 hakk\u0131nda bilgi toplamak i\u00e7in &#8220;\u00e7erezler&#8221; (cookies) veya loglar kullan\u0131larak toplanan bilgiler saklanmaktad\u0131r. S\u00f6z konusu bilgiler a\u015fa\u011f\u0131da yer alan \u00c7erez (Cookie) Politikas\u0131na uygun olarak elde edilmekte ve saklanmaktad\u0131r.<\/p>\r\n<h4>2. Ki\u015fisel Verilerin Kullan\u0131m\u0131 ve \u0130f\u015fas\u0131<\/h4>\r\n<p>Web Sitesi dahilinde sunmu\u015f oldu\u011funuz ki\u015fisel veriler hukuka uygun bir \u015fekilde i\u015flenmektedir. \u0130remnet ve grup \u015firketleri hizmet ve \u00fcr\u00fcnlerinden faydalanmak anlam\u0131nda abonelerine daha kaliteli hizmet sunmak i\u00e7in; (i) se\u00e7ti\u011finiz gerekli i\u015flev ya da etkinlik, (ii) belirli \u00fcr\u00fcn ya da hizmetlere eri\u015fiminiz, (iii) m\u00fc\u015fteri hizmetleri faaliyetlerinden yararlanman\u0131z ya da (iv) ziyaret etti\u011finiz Web Sitesinde ilgili alanlarda \u00f6zellikle belirtilen ama\u00e7 i\u00e7in ki\u015fisel verilerinizi i\u015fleyebilecektir.<\/p>\r\n<p>Size ait bilgiler yasal h\u00fck\u00fcmlere uygun \u015fekilde kampanya, promosyon duyurular\u0131 bildirmek amac\u0131yla web sitesi, e-posta, \u00e7a\u011fr\u0131 merkezi, telefon, SMS (k\u0131sa mesaj), faks, otomatik arama makineleri, ak\u0131ll\u0131 ses kaydedici sistemler ve her t\u00fcrl\u00fc ileti\u015fim kanallar\u0131 ile her t\u00fcrl\u00fc bilgilendirme, kampanya, reklam, tan\u0131t\u0131m, sat\u0131\u015f, m\u00fc\u015fteri hizmetleri ve pazarlama i\u00e7erikli yaz\u0131l\u0131, g\u00f6r\u00fcnt\u00fcl\u00fc ve s\u00f6zl\u00fc iletilerin g\u00f6ndermek i\u00e7in kullan\u0131lmaktad\u0131r. Siteye s\u00f6z konusu bilgiler ile giri\u015f yapman\u0131z ve buna ili\u015fkin veri i\u015fleme iznine onay vermeniz, e-posta, ve SMS, \u00e7a\u011fr\u0131 merkezi gibi yukar\u0131da say\u0131lan her t\u00fcrl\u00fc ileti\u015fim kanal\u0131 ile her t\u00fcrl\u00fc bilgilendirme, kampanya, reklam, tan\u0131t\u0131m, sat\u0131\u015f, m\u00fc\u015fteri hizmetleri ve pazarlama i\u00e7erikli yaz\u0131l\u0131, g\u00f6r\u00fcnt\u00fcl\u00fc ve s\u00f6zl\u00fc ileti g\u00f6nderilmesi faaliyetlerini kabul etti\u011finiz anlam\u0131n\u0131 ta\u015f\u0131maktad\u0131r. \u0130remnet; Web Sitesini, i\u015flevleri, etkinlikleri, \u00fcr\u00fcnleri, servisleri, uygulamalar\u0131 ve size sunulan di\u011fer her t\u00fcrl\u00fc hizmetleri daha etkin bir \u015fekilde uyarlamak, geli\u015ftirmek, ilerletmek ve de kullan\u0131c\u0131 deneyimlerini genel anlamda art\u0131rmak \u00fczere Web Sitesi arac\u0131l\u0131\u011f\u0131 ile sunulan ki\u015fisel verileri, \u00fc\u00e7\u00fcnc\u00fc ki\u015filerden toplad\u0131\u011f\u0131 sair bilgiler ile birle\u015ftirebilecek ya da kullanabilecektir.<\/p>\r\n<p>Yine sizin taraf\u0131n\u0131zdan sunulmu\u015f olan ki\u015fisel veriler; ilgili yasal mevzuata uygun olarak ve Ki\u015fisel Verilerin Korunmas\u0131 Hakk\u0131ndaki Kanun ile Elektronik Haberle\u015fme Sekt\u00f6r\u00fcnde Ki\u015fisel Verilerin \u0130\u015flenmesi ve Gizlili\u011fin Korunmas\u0131 Hakk\u0131nda Y\u00f6netmelik gere\u011fince, telekom\u00fcnikasyon hizmetlerini pazarlamak ya da katma de\u011feri di\u011fer hizmetleri sa\u011flamak amac\u0131yla; kullan\u0131c\u0131 ki\u015fisel bilgilerinin kullan\u0131lmas\u0131na izin verdi\u011fi takdirde, \u0130remnet ve grup \u015firketleri taraf\u0131ndan, bu t\u00fcr hizmetler ve pazarlama i\u00e7in gerekli kapsam ve s\u00fcrede i\u015flenebilir. \u0130remnet taraf\u0131ndan sunulan hizmet ve servisler kapsam\u0131nda ki\u015fisel bilgileriniz i\u015flenmesine ili\u015fkin verdi\u011finiz izinleri her zaman i\u00e7in geri alabilirsiniz. \u0130remnet IP adresinizi, size uygun aray\u00fcz g\u00f6sterilmesi ve sunucumuzun sorunlar\u0131n\u0131 tan\u0131mlamaya yard\u0131m etmek amac\u0131yla kullanabilecektir. IP bilgileriniz, web sitesinin size \u00f6zel sunumu ile ilgili ihtiya\u00e7lar\u0131n\u0131z\u0131n \u0130remnet taraf\u0131ndan anla\u015f\u0131lmas\u0131na yard\u0131m etmektedir.<\/p>\r\n<p>Size sunulan hizmeti s\u00fcrekli daha iyi hale getirebilmek i\u00e7in ki\u015fisel bilgi \u00f6zelli\u011fi ta\u015f\u0131mayan taray\u0131c\u0131 t\u00fcr\u00fc\/s\u00fcr\u00fcm\u00fc, kullan\u0131lan i\u015fletim sistemi, referrer URL (ziyaret edilen bir \u00f6nceki sayfa), eri\u015fimi yapan bilgisayara ait hostname (IP adresi), sunucu sorgusunun saati, \u0130remnet taraf\u0131ndan saklanmaktad\u0131r. Gerekli bilgi g\u00fcvenli\u011fi \u00f6nlemlerinin al\u0131nmas\u0131na kar\u015f\u0131n, Site&#8217;ye ve sisteme yap\u0131lan sald\u0131r\u0131lar sonucunda gizli bilgilerin zarar g\u00f6rmesi veya \u00fc\u00e7\u00fcnc\u00fc ki\u015filerin eline ge\u00e7mesi durumunda, \u0130remnet&#8217;in herhangi bir sorumlulu\u011fu olmayacakt\u0131r.<\/p>\r\n<h4>3. Ki\u015fisel Verilerin Aktar\u0131lmas\u0131<\/h4>\r\n<p>\u0130remnet, ki\u015fisel verileri Sitede (a) r\u0131zan\u0131z; (b) kanun ya da mahkeme emri ile mecburi k\u0131l\u0131nmas\u0131; (c) \u0130remnet ve grup \u015firketleri dahili Site i\u015flerini ya da ticari i\u015flerini ya da ticari i\u015flerini birlikte y\u00fcr\u00fctt\u00fc\u011f\u00fc \u015firket ya da ki\u015filer hari\u00e7 ya da (d) ki\u015fisel verilerin yeterli koruma d\u00fczeyi ile adil idare i\u00e7in prensipleri idame eden kanun, ba\u011flay\u0131c\u0131 tasar\u0131 ya da s\u00f6zle\u015fmeye tabi olan \u00fc\u00e7\u00fcnc\u00fc ki\u015filerden ba\u015fkas\u0131na (y\u00f6nlendirme amac\u0131 hari\u00e7) aktarmamakta ve sat\u0131lmamaktad\u0131r.<\/p>\r\n<h4>4. Kalite<\/h4>\r\n<p>\u0130remnet taraf\u0131ndan sizlerden toplanan ki\u015fisel verilerin do\u011fru, tam ve g\u00fcncel oldu\u011funu temin etmek \u00fczere makul giri\u015fimlerde bulunacakt\u0131r. Ancak, \u0130remnet taraf\u0131ndan sunulan hizmet ve \u00fcr\u00fcnlere ili\u015fkin olarak, kendisine sunulan her t\u00fcrl\u00fc ki\u015fisel verinin do\u011fru oldu\u011fu kabul edilmektedir. Aksi durumda ortaya \u00e7\u0131kabilecek zararlara ili\u015fkin \u0130remnet&#8217;in herhangi bir sorumlulu\u011fu bulunmamaktad\u0131r. \u0130remnet taraf\u0131ndan muhafaza edilen ki\u015fisel verilerin ilerleyen zamanlarda do\u011fru, tam ve g\u00fcncel olmad\u0131\u011f\u0131n\u0131 belirlerseniz, ki\u015fisel verileri d\u00fczeltmek \u00fczere, yaz\u0131l\u0131 bildiriminiz do\u011frultusunda, makul giri\u015fimlerde bulunulacakt\u0131r.<\/p>\r\n<h4>5. G\u00fcvenlik<\/h4>\r\n<p>\u0130remnet uygun teknoloji ve dahili s\u00fcre\u00e7leri kullanarak ki\u015fisel verilerinizin g\u00fcvenli\u011fini muhafaza etmek ve ki\u015fisel verilerinize yetkisiz eri\u015fimi engellemek amac\u0131yla gerekli \u00f6zeni g\u00f6sterecektir. Ancak \u0130remnet hi\u00e7bir zaman ki\u015fisel verilerinize ili\u015fkin olarak yetkisiz eri\u015fimin meydana gelmeyece\u011fi konusunda herhangi bir taahh\u00fctte bulunmamaktad\u0131r. \u0130\u015fbu Gizlilik Politikas\u0131 uyar\u0131nca g\u00fcvenlik maddesi kapsam\u0131nda, \u0130remnet, meydana gelebilecek bir sahtecilik\/doland\u0131r\u0131c\u0131l\u0131k ya da herhangi bir soru\u015fturma ya da \u015febeke g\u00fcvenli\u011fi ihlali konusunda yasal merciler ve di\u011fer ilgili kurumlar ile i\u015fbirli\u011fi yapabilir ve yasalar taraf\u0131ndan gerekli g\u00f6r\u00fclen hallerde ya da adli makamlar\u0131n talebini yerine getirilmesi halinde, elde edilen her t\u00fcrl\u00fc bilgiyi (ki\u015fisel veriler dahil) if\u015fa etme hakk\u0131 da sakl\u0131d\u0131r.<\/p>\r\n<p>Teknik standartlar: Kullan\u0131c\u0131lar\u00a0fatura \u00f6deme arac\u0131l\u0131\u011f\u0131 ile kredi kart\u0131 bilgilerini kullanmak suretiyle \u00f6deme ger\u00e7ekle\u015ftirebilmektedir. \u0130remnet veri aktar\u0131m\u0131nda 256 bit \u015fifreleme ile birlikte SSL g\u00fcvenlik protokol\u00fc (Secure Socket Layer) olarak adland\u0131r\u0131lan y\u00f6ntemi kullanmaktad\u0131r. Bu teknoloji en \u00fcst d\u00fczeyde g\u00fcvenlik sa\u011flamakta olup, veri g\u00fcvenli\u011fi i\u00e7in bankalar taraf\u0131ndan da kullan\u0131lmaktad\u0131r. Veri aktar\u0131m\u0131n\u0131n \u015fifrelenmi\u015f oldu\u011funu taray\u0131c\u0131n\u0131z\u0131n alt durum \u00e7ubu\u011fundaki kapal\u0131 bir anahtar veya kilit sembol\u00fcnden anlayabilirsiniz. Kullan\u0131c\u0131lar\u0131n kredi kart\u0131 bilgileri, site y\u00f6neticileri dahil herhangi bir \u00fc\u00e7\u00fcnc\u00fc \u015fah\u0131s taraf\u0131ndan g\u00f6r\u00fcnt\u00fclenemez. Girilen kredi kart\u0131 bilgileri sadece al\u0131\u015fveri\u015f esnas\u0131nda kullan\u0131lmakta ve hi\u00e7bir \u015fekilde sitenin veri bankas\u0131nda tutulmamaktad\u0131r. Kullan\u0131c\u0131lar\u0131n ki\u015fisel bilgilerinin g\u00fcvenli\u011fi \u0130remnet i\u00e7in en \u00f6nemli konulardan biridir.<\/p>\r\n<h4>6. \u0130zinli \u0130leti\u015fim<\/h4>\r\n<p>\u0130remnet hizmetlerini kullanan sizlere, \u0130remnet ve grup \u015firketlerinin ve i\u015f ortaklar\u0131n\u0131n, servis ve hizmetlerine ili\u015fkin her t\u00fcrl\u00fc hizmet, \u00fcyelik, m\u00fc\u015fteri hizmetleri, reklam, tan\u0131t\u0131m ve yapm\u0131\u015f oldu\u011fu ve\/veya ileride yapaca\u011f\u0131 her t\u00fcrl\u00fc kampanyalara ait her t\u00fcrl\u00fc elektronik iletilerinin, ilgili yasal mevzuat uyar\u0131nca bu madde kapsam\u0131nda sizlere ula\u015fmas\u0131n\u0131, \u0130remnet servis ve hizmetlerini kullanmaya ba\u015flaman\u0131zla ve buna ili\u015fkin izniniz ile kabul etmi\u015f olacaks\u0131n\u0131z.<\/p>\r\n<p>M\u00fc\u015fterilere ait bilgiler yasal h\u00fck\u00fcmlere uygun \u015fekilde \u0130remnet ve grup \u015firketleri taraf\u0131ndan kendi kampanya, promosyon duyurular\u0131 bildirmek amac\u0131yla web sitesi, e-posta, \u00e7a\u011fr\u0131 merkezi, telefon, SMS (k\u0131sa mesaj), faks, otomatik arama makineleri, ak\u0131ll\u0131 ses kaydedici sistemler ve her t\u00fcrl\u00fc ileti\u015fim kanallar\u0131 ile her t\u00fcrl\u00fc bilgilendirme, kampanya, reklam, tan\u0131t\u0131m, sat\u0131\u015f, m\u00fc\u015fteri hizmetleri ve pazarlama i\u00e7erikli yaz\u0131l\u0131, g\u00f6r\u00fcnt\u00fcl\u00fc ve s\u00f6zl\u00fc iletiler g\u00f6ndermek i\u00e7in kullan\u0131lmaktad\u0131r. Siteye s\u00f6z konusu bilgiler ile giri\u015f yapman\u0131z ve buna ili\u015fkin veri i\u015fleme iznine onay vermeniz, e-posta, SMS, \u00e7a\u011fr\u0131 merkezi gibi yukar\u0131da say\u0131lan her t\u00fcrl\u00fc ileti\u015fim kanal\u0131 ile her t\u00fcrl\u00fc bilgilendirme, kampanya, reklam, tan\u0131t\u0131m, sat\u0131\u015f, m\u00fc\u015fteri hizmetleri ve pazarlama i\u00e7erikli yaz\u0131l\u0131, g\u00f6r\u00fcnt\u00fcl\u00fc ve s\u00f6zl\u00fc ileti g\u00f6nderilmesi faaliyetlerini kabul etti\u011finiz anlam\u0131n\u0131 ta\u015f\u0131maktad\u0131r.<\/p>\r\n<h4>7. Gizlilik Politikas\u0131n\u0131n De\u011fi\u015ftirilmesi<\/h4>\r\n<p>\u0130remnet taraf\u0131ndan sunulan servis ve hizmetlere ili\u015fkin de\u011fi\u015fiklikleri ve m\u00fc\u015fteri geri bildirimlerini yans\u0131tmak i\u00e7in \u0130remnet taraf\u0131ndan gerekli g\u00f6r\u00fclen s\u0131kl\u0131kta i\u015fbu Gizlilik Politikas\u0131 g\u00fcncellenmektedir. Gizlilik ilkelerinde \u00f6nemli de\u011fi\u015fiklikler olmas\u0131 veya ki\u015fisel bilgilerinizi nas\u0131l kullan\u0131laca\u011f\u0131 konusunda de\u011fi\u015fiklikler yap\u0131lmas\u0131 halinde sizi bilgilendirmek i\u00e7in de\u011fi\u015fikli\u011fi uygulamadan \u00f6nce bu t\u00fcr de\u011fi\u015fikliklerle ilgili olarak kolayl\u0131kla g\u00f6r\u00fcn\u00fcr \u015fekilde bir bildirim yay\u0131nlanacakt\u0131r. S\u00f6z konusu bildirimin yay\u0131nlanmas\u0131n\u0131n akabinde, ilgili servis ve hizmetleri kullanmaya devam etmeniz, i\u015fbu de\u011fi\u015ftirilmi\u015f Gizlilik Politikas\u0131n\u0131 kabul etti\u011finiz anlam\u0131na gelmektedir. \u0130remnet taraf\u0131ndan sunulan servis ve hizmetler kapsam\u0131nda bilgilerin nas\u0131l topland\u0131\u011f\u0131n\u0131, kullan\u0131ld\u0131\u011f\u0131n\u0131 ve korundu\u011funu \u00f6\u011frenmek i\u00e7in d\u00fczenli olarak bu Gizlilik Politikas\u0131n\u0131 incelemenizi \u00f6neririz.<\/p>\r\n<h4>8. Formlar<\/h4>\r\n<p class=\"bolder\">Ki\u015fisel Verilerin Korunmas\u0131 A\u00e7\u0131k R\u0131za Metni<\/p>\r\n<p>\u0130remnet Telekom\u00fcnikasyon Teknoloji Sanayi ve Ticaret Limited \u015eirketi (\u201c\u0130remnet\u201d) olarak elde etmi\u015f oldu\u011fumuz ki\u015fisel verilerinizin; Ki\u015fisel Verilerin Korunmas\u0131 Kanun\u2019u (\u201cKanun\u201d) taraf\u0131ndan a\u00e7\u0131k\u00e7a \u00f6ng\u00f6r\u00fclen haller, sizin taraf\u0131n\u0131zdan alenile\u015ftirilen haller ya da s\u00f6zle\u015fmenin ifas\u0131 amac\u0131yla gerekti\u011fi \u00f6l\u00e7\u00fcde i\u015flenmesi ve aktar\u0131lmas\u0131 halleri haricinde; a\u015fa\u011f\u0131da belirtilen hususlara ili\u015fkin olarak i\u015flenmesi ve aktar\u0131lmas\u0131 i\u00e7in a\u00e7\u0131k r\u0131zan\u0131z\u0131 talep ediyoruz:<\/p>\r\n<p>\u201cAbonelik ili\u015fkisi \u00e7er\u00e7evesinde daha iyi hizmet sunulmas\u0131 maksad\u0131yla talep, kullan\u0131m ve \u00f6deme davran\u0131\u015flar\u0131m\u0131n analiz edilmesine, bu do\u011frultuda hizmetlerin iyile\u015ftirilmesi, pazarlanmas\u0131 ile ilgili taraf\u0131mla ileti\u015fime ge\u00e7ilmesine, verilerimin \u0130remnet veya ba\u011fl\u0131 bulundu\u011fu \u015firketler toplulu\u011fu b\u00fcnyesindeki \u015firketlerin yetkilendirece\u011fi \u00fc\u00e7\u00fcnc\u00fc ki\u015filer ile yurti\u00e7inde ve yurtd\u0131\u015f\u0131nda payla\u015f\u0131lmas\u0131na ve hizmetlerinden faydalan\u0131lan yurti\u00e7i ve yurtd\u0131\u015f\u0131 de\u011ferlendirme, analiz, dijital optimizasyon, teknik destek firmalar\u0131na ve WhatsApp gibi dijital ileti\u015fim firmalar\u0131na aktar\u0131lmas\u0131 ve verilerimin belirli bir s\u00fcre saklanmas\u0131 gibi y\u00f6ntemlerle ki\u015fisel verilerimin i\u015flenmesine a\u00e7\u0131k olarak onay veriyorum.\u201d<\/p>\r\n<p class=\"bolder\">Ticari Elektronik \u0130leti Onay Metni<\/p>\r\n<p>\u0130lgili yasal mevzuat uyar\u0131nca \u00e7a\u011fr\u0131 merkezini aray\u0131p iptalini istemedi\u011fim s\u00fcrece, \u0130remnet Telekom\u00fcnikasyon Teknoloji Sanayi ve Ticaret Limited \u015eirketi (\u201c\u0130remnet\u201d) ve \u0130remnet&#8217;in ba\u011fl\u0131 bulundu\u011fu \u015firketler toplulu\u011fu b\u00fcnyesindeki \u015firketler taraf\u0131ndan tan\u0131t\u0131m, pazarlama, promosyon, \u00e7ekili\u015f, kampanya ve reklam faaliyetlerinin \u00e7e\u015fitli kanallarla y\u00fcr\u00fct\u00fclmesi ve duyurulmas\u0131n\u0131, \u0130remnet veya ba\u011fl\u0131 bulundu\u011fu \u015firketler toplulu\u011fu b\u00fcnyesindeki \u015firketlerin bu kapsamda yetkilendirece\u011fi \u00fc\u00e7\u00fcnc\u00fc ki\u015filer ile payla\u015f\u0131lmas\u0131n\u0131 onayl\u0131yorum.<\/p>\r\n<h4>10. \u0130zin iptal kanallar\u0131<\/h4>\r\n<p>Daha \u00f6nce vermi\u015f oldu\u011funuz izninizi \u00e7a\u011fr\u0131 merkezimizi arayarak, online i\u015flem merkezi \u00fczerinden veya yaz\u0131l\u0131 ba\u015fvuru yaparak iptal edebilirsiniz.<\/p>\r\n\r\n\r\n","protected":false},"excerpt":{"rendered":"<p>Gizlilik ve G\u00fcvenlik www.iremnet.com.tr web sitesi \u0130remnet Telekom\u00fcnikasyon Teknoloji Sanayi [&hellip;]<\/p>\n","protected":false},"author":1,"featured_media":0,"parent":0,"menu_order":0,"comment_status":"closed","ping_status":"open","template":"","meta":{"footnotes":""},"class_list":["post-3","page","type-page","status-publish","hentry"],"_links":{"self":[{"href":"https:\/\/iremnet.com.tr\/index.php\/wp-json\/wp\/v2\/pages\/3","targetHints":{"allow":["GET"]}}],"collection":[{"href":"https:\/\/iremnet.com.tr\/index.php\/wp-json\/wp\/v2\/pages"}],"about":[{"href":"https:\/\/iremnet.com.tr\/index.php\/wp-json\/wp\/v2\/types\/page"}],"author":[{"embeddable":true,"href":"https:\/\/iremnet.com.tr\/index.php\/wp-json\/wp\/v2\/users\/1"}],"replies":[{"embeddable":true,"href":"https:\/\/iremnet.com.tr\/index.php\/wp-json\/wp\/v2\/comments?post=3"}],"version-history":[{"count":1,"href":"https:\/\/iremnet.com.tr\/index.php\/wp-json\/wp\/v2\/pages\/3\/revisions"}],"predecessor-version":[{"id":2624,"href":"https:\/\/iremnet.com.tr\/index.php\/wp-json\/wp\/v2\/pages\/3\/revisions\/2624"}],"wp:attachment":[{"href":"https:\/\/iremnet.com.tr\/index.php\/wp-json\/wp\/v2\/media?parent=3"}],"curies":[{"name":"wp","href":"https:\/\/api.w.org\/{rel}","templated":true}]}}